{"id":873,"date":"2022-05-09T21:02:30","date_gmt":"2022-05-09T19:02:30","guid":{"rendered":"https:\/\/www.oberpfalz-radsport.de\/?page_id=873"},"modified":"2022-05-09T21:02:30","modified_gmt":"2022-05-09T19:02:30","slug":"oberpfaelzer-kinder-cup","status":"publish","type":"page","link":"https:\/\/www.oberpfalz-radsport.de\/?page_id=873","title":{"rendered":"Oberpf\u00e4lzer Kinder Cup"},"content":{"rendered":"<p>Mit dem Oberpf\u00e4lzer Kinder Cup sollen Mountainbikefahrer*innen jenseits der Bayernliga und \u00fcberregionaler<br \/>\nCups angesprochen werden, die in den sportlichen Wettbewerb einsteigen und Entwicklungschancen<br \/>\nim MTB-Sport suchen. Innerhalb des Oberpf\u00e4lzer Kinder Cups sollen unterschiedliche<br \/>\nRennformate (z. B. Technikrennen) angeboten werden. Damit haben gerade auch die Hobbysportler*<br \/>\ninnen und Anf\u00e4nger*innen Gelegenheit sich mit anderen sportlich und fair zu messen und<br \/>\nSchw\u00e4chen in einem Bereich mit St\u00e4rken in anderen Bereichen auszugleichen.<\/p>\n","protected":false},"excerpt":{"rendered":"<p>Mit dem Oberpf\u00e4lzer Kinder Cup sollen Mountainbikefahrer*innen jenseits der Bayernliga und \u00fcberregionaler Cups angesprochen werden, die in den sportlichen Wettbewerb einsteigen und Entwicklungschancen im MTB-Sport suchen. Innerhalb des Oberpf\u00e4lzer Kinder Cups sollen unterschiedliche Rennformate (z. B. Technikrennen) angeboten werden. Damit haben gerade auch die Hobbysportler* innen und Anf\u00e4nger*innen Gelegenheit sich mit anderen sportlich und fair [&hellip;]<\/p>\n","protected":false},"author":1,"featured_media":0,"parent":0,"menu_order":0,"comment_status":"closed","ping_status":"closed","template":"","meta":{"ngg_post_thumbnail":0,"footnotes":""},"class_list":["post-873","page","type-page","status-publish","czr-hentry"],"_links":{"self":[{"href":"https:\/\/www.oberpfalz-radsport.de\/index.php?rest_route=\/wp\/v2\/pages\/873","targetHints":{"allow":["GET"]}}],"collection":[{"href":"https:\/\/www.oberpfalz-radsport.de\/index.php?rest_route=\/wp\/v2\/pages"}],"about":[{"href":"https:\/\/www.oberpfalz-radsport.de\/index.php?rest_route=\/wp\/v2\/types\/page"}],"author":[{"embeddable":true,"href":"https:\/\/www.oberpfalz-radsport.de\/index.php?rest_route=\/wp\/v2\/users\/1"}],"replies":[{"embeddable":true,"href":"https:\/\/www.oberpfalz-radsport.de\/index.php?rest_route=%2Fwp%2Fv2%2Fcomments&post=873"}],"version-history":[{"count":1,"href":"https:\/\/www.oberpfalz-radsport.de\/index.php?rest_route=\/wp\/v2\/pages\/873\/revisions"}],"predecessor-version":[{"id":874,"href":"https:\/\/www.oberpfalz-radsport.de\/index.php?rest_route=\/wp\/v2\/pages\/873\/revisions\/874"}],"wp:attachment":[{"href":"https:\/\/www.oberpfalz-radsport.de\/index.php?rest_route=%2Fwp%2Fv2%2Fmedia&parent=873"}],"curies":[{"name":"wp","href":"https:\/\/api.w.org\/{rel}","templated":true}]}}