{"id":14,"date":"2015-11-26T21:30:56","date_gmt":"2015-11-26T20:30:56","guid":{"rendered":"http:\/\/www.oberpfalz-radsport.de\/?page_id=14"},"modified":"2018-05-24T22:45:07","modified_gmt":"2018-05-24T20:45:07","slug":"radtouristik","status":"publish","type":"page","link":"https:\/\/www.oberpfalz-radsport.de\/?page_id=14","title":{"rendered":"Radtouristik"},"content":{"rendered":"<p><a href=\"https:\/\/www.oberpfalz-radsport.de\/wp-content\/uploads\/2015\/11\/RTF_Logo.jpg\" rel=\"attachment wp-att-15\"><img loading=\"lazy\" decoding=\"async\" class=\"size-full wp-image-15 alignleft\" src=\"https:\/\/www.oberpfalz-radsport.de\/wp-content\/uploads\/2015\/11\/RTF_Logo.jpg\" alt=\"RTF_Logo\" width=\"270\" height=\"250\" \/><\/a>Die <b>Radtourenfahrt<\/b> (RTF), fr\u00fcher auch <b>Radtouristikfahrt<\/b>, ist eine popul\u00e4re Radsportveranstaltung f\u00fcr jedermann im Rahmen des Breitensportangebots des Bundes Deutscher Radfahrer e. V. Der Teilnehmer kann dabei ausgeschilderte Strecken zwischen in der Regel 41 und 170 km L\u00e4nge im \u00f6ffentlichen Verkehrsraum unter Beachtung der StVO absolvieren. Es d\u00fcrfen dabei seitens des Veranstalters keine Zeiten oder Platzierungen ermittelt werden.<\/p>\n","protected":false},"excerpt":{"rendered":"<p>Die Radtourenfahrt (RTF), fr\u00fcher auch Radtouristikfahrt, ist eine popul\u00e4re Radsportveranstaltung f\u00fcr jedermann im Rahmen des Breitensportangebots des Bundes Deutscher Radfahrer e. V. Der Teilnehmer kann dabei ausgeschilderte Strecken zwischen in der Regel 41 und 170 km L\u00e4nge im \u00f6ffentlichen Verkehrsraum unter Beachtung der StVO absolvieren. Es d\u00fcrfen dabei seitens des Veranstalters keine Zeiten oder Platzierungen [&hellip;]<\/p>\n","protected":false},"author":1,"featured_media":15,"parent":0,"menu_order":0,"comment_status":"closed","ping_status":"closed","template":"","meta":{"ngg_post_thumbnail":0,"footnotes":""},"class_list":["post-14","page","type-page","status-publish","has-post-thumbnail","czr-hentry"],"_links":{"self":[{"href":"https:\/\/www.oberpfalz-radsport.de\/index.php?rest_route=\/wp\/v2\/pages\/14","targetHints":{"allow":["GET"]}}],"collection":[{"href":"https:\/\/www.oberpfalz-radsport.de\/index.php?rest_route=\/wp\/v2\/pages"}],"about":[{"href":"https:\/\/www.oberpfalz-radsport.de\/index.php?rest_route=\/wp\/v2\/types\/page"}],"author":[{"embeddable":true,"href":"https:\/\/www.oberpfalz-radsport.de\/index.php?rest_route=\/wp\/v2\/users\/1"}],"replies":[{"embeddable":true,"href":"https:\/\/www.oberpfalz-radsport.de\/index.php?rest_route=%2Fwp%2Fv2%2Fcomments&post=14"}],"version-history":[{"count":4,"href":"https:\/\/www.oberpfalz-radsport.de\/index.php?rest_route=\/wp\/v2\/pages\/14\/revisions"}],"predecessor-version":[{"id":576,"href":"https:\/\/www.oberpfalz-radsport.de\/index.php?rest_route=\/wp\/v2\/pages\/14\/revisions\/576"}],"wp:featuredmedia":[{"embeddable":true,"href":"https:\/\/www.oberpfalz-radsport.de\/index.php?rest_route=\/wp\/v2\/media\/15"}],"wp:attachment":[{"href":"https:\/\/www.oberpfalz-radsport.de\/index.php?rest_route=%2Fwp%2Fv2%2Fmedia&parent=14"}],"curies":[{"name":"wp","href":"https:\/\/api.w.org\/{rel}","templated":true}]}}