{"id":11,"date":"2015-11-26T21:14:50","date_gmt":"2015-11-26T20:14:50","guid":{"rendered":"http:\/\/www.oberpfalz-radsport.de\/?page_id=11"},"modified":"2018-05-24T22:44:34","modified_gmt":"2018-05-24T20:44:34","slug":"mountainbike","status":"publish","type":"page","link":"https:\/\/www.oberpfalz-radsport.de\/?page_id=11","title":{"rendered":"Mountainbike"},"content":{"rendered":"<p><a href=\"https:\/\/www.oberpfalz-radsport.de\/wp-content\/uploads\/2015\/11\/MTB_Logo.jpg\" rel=\"attachment wp-att-12\"><img loading=\"lazy\" decoding=\"async\" class=\"size-full wp-image-12 alignleft\" src=\"https:\/\/www.oberpfalz-radsport.de\/wp-content\/uploads\/2015\/11\/MTB_Logo.jpg\" alt=\"MTB_Logo\" width=\"270\" height=\"250\" \/><\/a><br \/>\nDer <b>MTB<\/b> Sport ist eine der anspruchsvollsten und gleichzeitig auch anstrengendsten und trainingsintensivsten Radsport Disziplinen. <b>MTB<\/b> bietet einen idealen Einstieg in den Radsport da heute fast jeder ein Bike zu Hause hat. Zu lernen sich damit spielerisch im Gel\u00e4nde zu bewegen f\u00f6rdert wichtige motorische F\u00e4higkeiten. Sich dann sp\u00e4ter in Rennwettbewerben mit gleichaltrigen zu messen bietet auch eine sportliche Herausforderung und ist gleichzeitig Motivation.<\/p>\n","protected":false},"excerpt":{"rendered":"<p>Der MTB Sport ist eine der anspruchsvollsten und gleichzeitig auch anstrengendsten und trainingsintensivsten Radsport Disziplinen. MTB bietet einen idealen Einstieg in den Radsport da heute fast jeder ein Bike zu Hause hat. Zu lernen sich damit spielerisch im Gel\u00e4nde zu bewegen f\u00f6rdert wichtige motorische F\u00e4higkeiten. Sich dann sp\u00e4ter in Rennwettbewerben mit gleichaltrigen zu messen bietet [&hellip;]<\/p>\n","protected":false},"author":1,"featured_media":12,"parent":0,"menu_order":0,"comment_status":"closed","ping_status":"closed","template":"","meta":{"ngg_post_thumbnail":0,"footnotes":""},"class_list":["post-11","page","type-page","status-publish","has-post-thumbnail","czr-hentry"],"_links":{"self":[{"href":"https:\/\/www.oberpfalz-radsport.de\/index.php?rest_route=\/wp\/v2\/pages\/11","targetHints":{"allow":["GET"]}}],"collection":[{"href":"https:\/\/www.oberpfalz-radsport.de\/index.php?rest_route=\/wp\/v2\/pages"}],"about":[{"href":"https:\/\/www.oberpfalz-radsport.de\/index.php?rest_route=\/wp\/v2\/types\/page"}],"author":[{"embeddable":true,"href":"https:\/\/www.oberpfalz-radsport.de\/index.php?rest_route=\/wp\/v2\/users\/1"}],"replies":[{"embeddable":true,"href":"https:\/\/www.oberpfalz-radsport.de\/index.php?rest_route=%2Fwp%2Fv2%2Fcomments&post=11"}],"version-history":[{"count":5,"href":"https:\/\/www.oberpfalz-radsport.de\/index.php?rest_route=\/wp\/v2\/pages\/11\/revisions"}],"predecessor-version":[{"id":575,"href":"https:\/\/www.oberpfalz-radsport.de\/index.php?rest_route=\/wp\/v2\/pages\/11\/revisions\/575"}],"wp:featuredmedia":[{"embeddable":true,"href":"https:\/\/www.oberpfalz-radsport.de\/index.php?rest_route=\/wp\/v2\/media\/12"}],"wp:attachment":[{"href":"https:\/\/www.oberpfalz-radsport.de\/index.php?rest_route=%2Fwp%2Fv2%2Fmedia&parent=11"}],"curies":[{"name":"wp","href":"https:\/\/api.w.org\/{rel}","templated":true}]}}